{"id":2929,"date":"2024-02-08T12:20:05","date_gmt":"2024-02-08T12:20:05","guid":{"rendered":"https:\/\/inzagroup.eu\/?page_id=2929"},"modified":"2024-02-08T20:21:17","modified_gmt":"2024-02-08T20:21:17","slug":"elementor-2929","status":"publish","type":"page","link":"https:\/\/inzagroup.eu\/bs-hr-sr\/elementor-2929\/","title":{"rendered":"Inza In\u017einjering"},"content":{"rendered":"<div data-elementor-type=\"wp-page\" data-elementor-id=\"2929\" class=\"elementor elementor-2929\">\n\t\t\t\t\t\t<section class=\"elementor-section elementor-top-section elementor-element elementor-element-7680f04 elementor-section-boxed elementor-section-height-default elementor-section-height-default\" data-id=\"7680f04\" data-element_type=\"section\" data-settings=\"{&quot;jet_parallax_layout_list&quot;:[]}\">\n\t\t\t\t\t\t<div class=\"elementor-container elementor-column-gap-default\">\n\t\t\t\t\t<div class=\"elementor-column elementor-col-100 elementor-top-column elementor-element elementor-element-580027a\" data-id=\"580027a\" data-element_type=\"column\">\n\t\t\t<div class=\"elementor-widget-wrap elementor-element-populated\">\n\t\t\t\t\t\t\t<\/div>\n\t\t<\/div>\n\t\t\t\t\t<\/div>\n\t\t<\/section>\n\t\t\t\t<section class=\"elementor-section elementor-top-section elementor-element elementor-element-f041d6b elementor-section-boxed elementor-section-height-default elementor-section-height-default\" data-id=\"f041d6b\" data-element_type=\"section\" data-settings=\"{&quot;jet_parallax_layout_list&quot;:[]}\">\n\t\t\t\t\t\t<div class=\"elementor-container elementor-column-gap-default\">\n\t\t\t\t\t<div class=\"elementor-column elementor-col-100 elementor-top-column elementor-element elementor-element-2dc07ae\" data-id=\"2dc07ae\" data-element_type=\"column\">\n\t\t\t<div class=\"elementor-widget-wrap elementor-element-populated\">\n\t\t\t\t\t\t<div class=\"elementor-element elementor-element-7ecb4b4 elementor-widget elementor-widget-text-editor\" data-id=\"7ecb4b4\" data-element_type=\"widget\" data-widget_type=\"text-editor.default\">\n\t\t\t\t<div class=\"elementor-widget-container\">\n\t\t\t\t\t\t\t\t\t<section class=\"elementor-section elementor-inner-section elementor-element elementor-element-36b12ef elementor-section-boxed elementor-section-height-default elementor-section-height-default\" style=\"flex-direction: var(--flex-direction); flex-wrap: var(--flex-wrap); -webkit-box-pack: var(--justify-content); justify-content: var(--justify-content); -webkit-box-align: var(--align-items); align-items: var(--align-items); align-content: var(--align-content); gap: var(--gap); flex-basis: var(--flex-basis); -webkit-box-flex: var(--flex-grow); flex-grow: var(--flex-grow); flex-shrink: var(--flex-shrink); -webkit-box-ordinal-group: var(--order); order: var(--order); align-self: var(--align-self); --widgets-spacing: 22px; width: 1000px;\" data-id=\"36b12ef\" data-element_type=\"section\" data-settings=\"{&quot;jet_parallax_layout_list&quot;:[]}\">\n<div class=\"elementor-container elementor-column-gap-default\">\n<div class=\"elementor-row\" style=\"width: 1000px;\">\n<div class=\"elementor-column elementor-col-100 elementor-inner-column elementor-element elementor-element-c02af35\" style=\"flex-direction: var(--flex-direction); flex-wrap: var(--flex-wrap); -webkit-box-pack: var(--justify-content); justify-content: var(--justify-content); -webkit-box-align: var(--align-items); align-items: var(--align-items); align-content: var(--align-content); gap: var(--gap); flex-basis: var(--flex-basis); -webkit-box-flex: var(--flex-grow); flex-grow: var(--flex-grow); flex-shrink: var(--flex-shrink); -webkit-box-ordinal-group: var(--order); order: var(--order); align-self: var(--align-self); --widgets-spacing: 22px; width: 1000px;\" data-id=\"c02af35\" data-element_type=\"column\">\n<div class=\"elementor-column-wrap elementor-element-populated\" style=\"width: 1000px;\">\n<div class=\"elementor-widget-wrap\" style=\"width: 1000px;\">\n<div class=\"elementor-element elementor-element-993e7bd elementor-widget elementor-widget-text-editor\" style=\"flex-direction: var(--flex-direction); flex-wrap: var(--flex-wrap); -webkit-box-pack: var(--justify-content); justify-content: var(--justify-content); -webkit-box-align: var(--align-items); align-items: var(--align-items); align-content: var(--align-content); gap: var(--gap); flex-basis: var(--flex-basis); -webkit-box-flex: var(--flex-grow); flex-grow: var(--flex-grow); flex-shrink: var(--flex-shrink); -webkit-box-ordinal-group: var(--order); order: var(--order); align-self: var(--align-self); --widgets-spacing: 22px; width: 980px;\" data-id=\"993e7bd\" data-element_type=\"widget\" data-widget_type=\"text-editor.default\">\n<div class=\"elementor-widget-container\">\n<div class=\"elementor-text-editor elementor-clearfix\">\n<p><span style=\"color: #000000;\"><strong><span style=\"font-size: 18pt;\">INZA GEOBIM<\/span><\/strong><\/span><\/p>\n<p>Koriste\u0107i godine iskustva , potrebne u mnogim uspje\u0161nim implementiram projektima u polju prostornog planiranja i industrijske za\u0161tite, eksperti INZA group-e su razvili inovativni digitalni model kriti\u010dne infrastrukture rizik menad\u017ementa, bazirano na GIS i BIM platformama za identifikaciju,analizu i evaluaciju prostornih i in\u017einjerskih podataka.<br>INZA GeoBIM pru\u017ea 8D modeliranje podataka, uzimaju\u0107i u obzir 3D-Dizajn, 4D-Vremensku liniju, 5D-Finansijske tro\u0161kove, 6D-Energetsku efikasnost, 7D- Odr\u017eavanje i usluge, 8D \u2013 Upravljanje rizicima. Sve zahtjeve svrstali smo u sljede\u0107e ciljne grupe:<br>INZA GeoBim-Zdravlje<br>INZA GeoBIM-Energija<br>INZA GeoBIM-INFRA<br>INZA GeoBIM- Rezident<br>INZA GeoBIM-Industrija<\/p>\n<\/div>\n<\/div>\n<\/div>\n<\/div>\n<\/div>\n<\/div>\n<\/div>\n<\/div>\n<\/section>\n<section class=\"elementor-section elementor-inner-section elementor-element elementor-element-5ce9b0d elementor-section-boxed elementor-section-height-default elementor-section-height-default\" style=\"flex-direction: var(--flex-direction); flex-wrap: var(--flex-wrap); -webkit-box-pack: var(--justify-content); justify-content: var(--justify-content); -webkit-box-align: var(--align-items); align-items: var(--align-items); align-content: var(--align-content); gap: var(--gap); flex-basis: var(--flex-basis); -webkit-box-flex: var(--flex-grow); flex-grow: var(--flex-grow); flex-shrink: var(--flex-shrink); -webkit-box-ordinal-group: var(--order); order: var(--order); align-self: var(--align-self); --widgets-spacing: 22px; width: 1000px;\" data-id=\"5ce9b0d\" data-element_type=\"section\" data-settings=\"{&quot;jet_parallax_layout_list&quot;:[]}\">\n<div class=\"elementor-container elementor-column-gap-default\">\n<div class=\"elementor-row\" style=\"width: 1000px;\">\n<div class=\"elementor-column elementor-col-100 elementor-inner-column elementor-element elementor-element-16c0239\" style=\"flex-direction: var(--flex-direction); flex-wrap: var(--flex-wrap); -webkit-box-pack: var(--justify-content); justify-content: var(--justify-content); -webkit-box-align: var(--align-items); align-items: var(--align-items); align-content: var(--align-content); gap: var(--gap); flex-basis: var(--flex-basis); -webkit-box-flex: var(--flex-grow); flex-grow: var(--flex-grow); flex-shrink: var(--flex-shrink); -webkit-box-ordinal-group: var(--order); order: var(--order); align-self: var(--align-self); --widgets-spacing: 22px; width: 1000px;\" data-id=\"16c0239\" data-element_type=\"column\">\n<div class=\"elementor-column-wrap elementor-element-populated\" style=\"width: 1000px;\">\n<div class=\"elementor-widget-wrap\" style=\"width: 1000px;\">\n<div class=\"elementor-element elementor-element-842e587 elementor-widget elementor-widget-text-editor\" style=\"flex-direction: var(--flex-direction); flex-wrap: var(--flex-wrap); -webkit-box-pack: var(--justify-content); justify-content: var(--justify-content); -webkit-box-align: var(--align-items); align-items: var(--align-items); align-content: var(--align-content); gap: var(--gap); flex-basis: var(--flex-basis); -webkit-box-flex: var(--flex-grow); flex-grow: var(--flex-grow); flex-shrink: var(--flex-shrink); -webkit-box-ordinal-group: var(--order); order: var(--order); align-self: var(--align-self); --widgets-spacing: 22px; width: 980px;\" data-id=\"842e587\" data-element_type=\"widget\" data-widget_type=\"text-editor.default\">\n<div class=\"elementor-widget-container\">\n<div class=\"elementor-text-editor elementor-clearfix\">\n<p><span style=\"font-size: 18pt;\"><strong><span lang=\"EN-GB\" style=\"color: black;\"><img decoding=\"async\" class=\"alignnone\" src=\"https:\/\/inzagroup.eu\/wp-content\/uploads\/2018\/12\/map.png\" alt=\"\" width=\"55\" height=\"55\">&nbsp; &nbsp; &nbsp;INZA In\u017einjering<\/span><\/strong><\/span><\/p>\n<p><strong><span lang=\"EN-GB\" style=\"color: black;\">ZA\u0160TITA I SPA\u0160AVANJE<\/span><\/strong><\/p>\n<p>U skladu sa setom evropskih EURATOM direktiva i uspostavljanjem okvira civilne za\u0161tite UCPM-a, INZA integri\u0161e, analizira, izra\u010dunava i predla\u017ee mjere za upravljanje svim potencijalnim rizicima od prirodnih i drugih katastrofa, uklju\u010duju\u0107i poplave, zemljotrese, klizi\u0161ta i druge prirodne katastrofe. nezgode, kao i incidenti uzrokovani ljudskim nemarom.&nbsp;<\/p>\n<p><strong>ZA\u0160TITA NA POSLU<\/strong><\/p>\n<p>Okvirna direktiva Vije\u0107a Evropske unije 89\/391\/EEC propisuje op\u0107a na\u010dela u oblasti sigurnosti i zdravlja na radu: \u201eTo su primjena op\u0107ih principa koji se odnose na rizike na radu, mjere za osiguranje sigurnosti i zdravlja, otklanjanje rizika. i druge opasnosti, nezgode, prijavljivanje, savjetovanje, u\u010de\u0161\u0107e radnika i njihovih predstavnika i njihova obuka, kao i op\u0107e smjernice za primjenu ovih principa. Zakonima o za\u0161titi na radu u BiH (FBiH, Republika Srpska i Br\u010dko Distrikt), Srbiji, Crnoj Gori, Hrvatskoj i Sjevernoj Makedoniji definisan je okvir rada i obaveze poslodavaca i zaposlenih u pogledu za\u0161tite i za\u0161tite na radu, sigurnosti opreme i ma\u0161ina, i uslove rada i radnu sredinu. INZA jedina u regionu ima licence za za\u0161titu na radu na teritoriji cijele BiH i Srbije<\/p>\n<p><strong>GEOGRAFSKI INFORMATIVNI SISTEM<\/strong><\/p>\n<p>Okvirna direktiva Vije\u0107a Evropske unije 89\/391\/EEC propisuje op\u0107a na\u010dela u oblasti sigurnosti i zdravlja na radu: \u201eTo su primjena op\u0107ih principa koji se odnose na rizik na radu, mjere za osiguranje sigurnosti i zdravlja, otklanjanje rizika. i druge opasnosti, nezgode, prijavljivanje, savjetovanje, u\u010de\u0161\u0107e radnika i njihovih predstavnika i njihova obuka, kao i op\u0107e smjernice za primjenu ovih principa. Zakonima o za\u0161titi na radu u BiH (FBiH, Republika Srpska i Br\u010dko Distrikt), Srbiji, Crnoj Gori, Hrvatskoj i Sjevernoj Makedoniji definisan je okvir rada i obaveze poslodavaca i zaposlenih u pogledu za\u0161tite i za\u0161tite na radu, sigurnosti opreme i ma\u0161ina, i uslova rada i radnu sredinu. INZA jedina u regionu ima licencu za za\u0161titu na radu na teritoriji cijele BiH i Srbije<\/p>\n<p><strong>UPRAVLJANJE RIZICIMA<\/strong><\/p>\n<p>Upravljanje rizikom je identifikacija, procjena, odre\u0111ivanje prioriteta, koordinacija i isplativa alokacija resursa za minimiziranje, pra\u0107enje i kontrolu mogu\u0107nosti ili uticaja ne\u017eeljenih doga\u0111aja i maksimiziranje postizanja o\u010dekivanog uspjeha. Upravljanju rizicima pristupa se metodi\u010dki tako da se identifikuju sve zna\u010dajne aktivnosti, a identifikuju i kategorizuju svi rizici koji proizilaze iz ili u vezi sa tim aktivnostima. Dio sistema upravljanja rizikom je analiza, procjena i evaluacija rizika.<\/p>\n<p><strong>ZA\u0160TITA OD PO\u017dARA<\/strong><\/p>\n<p>U skladu sa Zakonima o za\u0161titi od po\u017eara u Bosni i Hercegovini (Zakoni o za\u0161titi od po\u017eara u Federaciji Bosne i Hercegovine, Republike Srpske i Br\u010dko Distrikta) i Zakonu o za\u0161titi od po\u017eara u Republici Srbiji, kao i brojnim podzakonskim aktima, INZA je jedina u regionu licencirana na podru\u010dju cijele BiH i Srbije za pru\u017eanje kompletnih usluga za\u0161tite od po\u017eara. Od projektovanja i planiranja, pa sve do pru\u017eanja usluga i kontrolnih pregleda funkcionalnosti sistema aktivne za\u0161tite od po\u017eara.<\/p>\n<\/div>\n<\/div>\n<\/div>\n<div class=\"elementor-element elementor-element-8e37428 elementor-widget elementor-widget-text-editor\" style=\"flex-direction: var(--flex-direction); flex-wrap: var(--flex-wrap); -webkit-box-pack: var(--justify-content); justify-content: var(--justify-content); -webkit-box-align: var(--align-items); align-items: var(--align-items); align-content: var(--align-content); gap: var(--gap); flex-basis: var(--flex-basis); -webkit-box-flex: var(--flex-grow); flex-grow: var(--flex-grow); flex-shrink: var(--flex-shrink); -webkit-box-ordinal-group: var(--order); order: var(--order); align-self: var(--align-self); --widgets-spacing: 22px; width: 980px; margin-bottom: 22px;\" data-id=\"8e37428\" data-element_type=\"widget\" data-widget_type=\"text-editor.default\">\n<div class=\"elementor-widget-container\">\n<div class=\"elementor-text-editor elementor-clearfix\">\n<p><span style=\"font-size: 18pt;\"><strong><span lang=\"EN-GB\" style=\"color: black;\"><img decoding=\"async\" class=\"alignnone wp-image-886\" src=\"https:\/\/inzagroup.eu\/wp-content\/uploads\/2018\/12\/tree.png\" sizes=\"(max-width: 54px) 100vw, 54px\" srcset=\"https:\/\/inzagroup.eu\/wp-content\/uploads\/2018\/12\/tree.png 233w, https:\/\/inzagroup.eu\/wp-content\/uploads\/2018\/12\/tree-150x150.png 150w, https:\/\/inzagroup.eu\/wp-content\/uploads\/2018\/12\/tree-230x230.png 230w\" alt=\"\" width=\"54\" height=\"54\">&nbsp; &nbsp;INZA HSE<\/span><\/strong><\/span><\/p>\n<p>Koriste\u0107i vi\u0161edecenijsko iskustvo ste\u010deno u brojnim uspje\u0161no realiziranim projektima iz podru\u010dja ure\u0111enja prostora i industrijske za\u0161tite, stru\u010dnjaci INZA Grupe razvili su HSE digitalni inovativni model integriranog upravljanja rizicima na kriti\u010dnoj infrastrukturi.<br>Ovaj pobolj\u0161ani preventivni pristup, koji prati zahtjeve standarda ISO 9001, 14001, 45001 i 31001 u pogledu zdravlja i sigurnosti na radu, za\u0161tite od po\u017eara i za\u0161tite okoli\u0161a, temelji se na GIS i BIM platformama za identifikaciju, analizu i evaluaciju prostornih i in\u017eenjerskih podaci.<br>INZA HSE digitalna rje\u0161enja poma\u017eu investitorima i realizatorima da grade i upravljaju kriti\u010dnim infrastrukturnim projektima za preventivno upravljanje rizicima u fazama projektne dokumentacije, izgradnje i implementacije tehnologije, te organizacije slu\u017ebi za\u0161tite i spa\u0161avanja, koje smo svrstali u sljede\u0107e grupe partnera:<br>INZA HSE-ZDRAVLJE<br>INZA HSE-ENERGIJA<br>INZA HSE-INFRA<br>INZA HSE-REZIDENT<br>INZA HSE-INDUSTRIJA<\/p>\n<\/div>\n<\/div>\n<\/div>\n<\/div>\n<\/div>\n<\/div>\n<\/div>\n<\/div>\n<\/section>\t\t\t\t\t\t\t\t<\/div>\n\t\t\t\t<\/div>\n\t\t\t\t\t<\/div>\n\t\t<\/div>\n\t\t\t\t\t<\/div>\n\t\t<\/section>\n\t\t\t\t<\/div>","protected":false},"excerpt":{"rendered":"<p>INZA GEOBIM Using decades of experience, acquired in many successfully implemented projects in the field of spatial planning and industrial protection, INZA Group experts have developed an innovative digital model of critical infrastructure risk management, based on GIS and BIM platforms for identification, analysis and evaluation of spatial and engineering data.INZA GeoBIM provides 8D data [&hellip;]<\/p>","protected":false},"author":1,"featured_media":0,"parent":0,"menu_order":0,"comment_status":"closed","ping_status":"closed","template":"","meta":{"_monsterinsights_skip_tracking":false,"_monsterinsights_sitenote_active":false,"_monsterinsights_sitenote_note":"","_monsterinsights_sitenote_category":0,"footnotes":""},"class_list":["post-2929","page","type-page","status-publish","hentry"],"yoast_head":"<!-- This site is optimized with the Yoast SEO plugin v24.9 - https:\/\/yoast.com\/wordpress\/plugins\/seo\/ -->\n<title>Inza Engineering - INZA<\/title>\n<meta name=\"robots\" content=\"index, follow, max-snippet:-1, max-image-preview:large, max-video-preview:-1\" \/>\n<link rel=\"canonical\" href=\"https:\/\/inzagroup.eu\/bs-hr-sr\/elementor-2929\/\" \/>\n<meta property=\"og:locale\" content=\"bs_BA\" \/>\n<meta property=\"og:type\" content=\"article\" \/>\n<meta property=\"og:title\" content=\"Inza Engineering - INZA\" \/>\n<meta property=\"og:description\" content=\"INZA GEOBIM Using decades of experience, acquired in many successfully implemented projects in the field of spatial planning and industrial protection, INZA Group experts have developed an innovative digital model of critical infrastructure risk management, based on GIS and BIM platforms for identification, analysis and evaluation of spatial and engineering data.INZA GeoBIM provides 8D data [&hellip;]\" \/>\n<meta property=\"og:url\" content=\"https:\/\/inzagroup.eu\/bs-hr-sr\/elementor-2929\/\" \/>\n<meta property=\"og:site_name\" content=\"INZA\" \/>\n<meta property=\"article:modified_time\" content=\"2024-02-08T20:21:17+00:00\" \/>\n<meta property=\"og:image\" content=\"https:\/\/inzagroup.eu\/wp-content\/uploads\/2018\/12\/map.png\" \/>\n<meta name=\"twitter:card\" content=\"summary_large_image\" \/>\n<meta name=\"twitter:label1\" content=\"Est. reading time\" \/>\n\t<meta name=\"twitter:data1\" content=\"3 minute\" \/>\n<script type=\"application\/ld+json\" class=\"yoast-schema-graph\">{\"@context\":\"https:\/\/schema.org\",\"@graph\":[{\"@type\":\"WebPage\",\"@id\":\"https:\/\/inzagroup.eu\/elementor-2929\/\",\"url\":\"https:\/\/inzagroup.eu\/elementor-2929\/\",\"name\":\"Inza Engineering - INZA\",\"isPartOf\":{\"@id\":\"https:\/\/inzagroup.eu\/#website\"},\"primaryImageOfPage\":{\"@id\":\"https:\/\/inzagroup.eu\/elementor-2929\/#primaryimage\"},\"image\":{\"@id\":\"https:\/\/inzagroup.eu\/elementor-2929\/#primaryimage\"},\"thumbnailUrl\":\"https:\/\/inzagroup.eu\/wp-content\/uploads\/2018\/12\/map.png\",\"datePublished\":\"2024-02-08T12:20:05+00:00\",\"dateModified\":\"2024-02-08T20:21:17+00:00\",\"breadcrumb\":{\"@id\":\"https:\/\/inzagroup.eu\/elementor-2929\/#breadcrumb\"},\"inLanguage\":\"bs-BA\",\"potentialAction\":[{\"@type\":\"ReadAction\",\"target\":[\"https:\/\/inzagroup.eu\/elementor-2929\/\"]}]},{\"@type\":\"ImageObject\",\"inLanguage\":\"bs-BA\",\"@id\":\"https:\/\/inzagroup.eu\/elementor-2929\/#primaryimage\",\"url\":\"https:\/\/inzagroup.eu\/wp-content\/uploads\/2018\/12\/map.png\",\"contentUrl\":\"https:\/\/inzagroup.eu\/wp-content\/uploads\/2018\/12\/map.png\"},{\"@type\":\"BreadcrumbList\",\"@id\":\"https:\/\/inzagroup.eu\/elementor-2929\/#breadcrumb\",\"itemListElement\":[{\"@type\":\"ListItem\",\"position\":1,\"name\":\"Home\",\"item\":\"https:\/\/inzagroup.eu\/\"},{\"@type\":\"ListItem\",\"position\":2,\"name\":\"Inza Engineering\"}]},{\"@type\":\"WebSite\",\"@id\":\"https:\/\/inzagroup.eu\/#website\",\"url\":\"https:\/\/inzagroup.eu\/\",\"name\":\"INZA\",\"description\":\"\",\"publisher\":{\"@id\":\"https:\/\/inzagroup.eu\/#organization\"},\"potentialAction\":[{\"@type\":\"SearchAction\",\"target\":{\"@type\":\"EntryPoint\",\"urlTemplate\":\"https:\/\/inzagroup.eu\/?s={search_term_string}\"},\"query-input\":{\"@type\":\"PropertyValueSpecification\",\"valueRequired\":true,\"valueName\":\"search_term_string\"}}],\"inLanguage\":\"bs-BA\"},{\"@type\":\"Organization\",\"@id\":\"https:\/\/inzagroup.eu\/#organization\",\"name\":\"INZA Group\",\"url\":\"https:\/\/inzagroup.eu\/\",\"logo\":{\"@type\":\"ImageObject\",\"inLanguage\":\"bs-BA\",\"@id\":\"https:\/\/inzagroup.eu\/#\/schema\/logo\/image\/\",\"url\":\"https:\/\/inzagroup.eu\/wp-content\/uploads\/2018\/07\/Logo_mali65.png\",\"contentUrl\":\"https:\/\/inzagroup.eu\/wp-content\/uploads\/2018\/07\/Logo_mali65.png\",\"width\":104,\"height\":65,\"caption\":\"INZA Group\"},\"image\":{\"@id\":\"https:\/\/inzagroup.eu\/#\/schema\/logo\/image\/\"}}]}<\/script>\n<!-- \/ Yoast SEO plugin. -->","yoast_head_json":{"title":"Inza Engineering - INZA","robots":{"index":"index","follow":"follow","max-snippet":"max-snippet:-1","max-image-preview":"max-image-preview:large","max-video-preview":"max-video-preview:-1"},"canonical":"https:\/\/inzagroup.eu\/bs-hr-sr\/elementor-2929\/","og_locale":"bs_BA","og_type":"article","og_title":"Inza Engineering - INZA","og_description":"INZA GEOBIM Using decades of experience, acquired in many successfully implemented projects in the field of spatial planning and industrial protection, INZA Group experts have developed an innovative digital model of critical infrastructure risk management, based on GIS and BIM platforms for identification, analysis and evaluation of spatial and engineering data.INZA GeoBIM provides 8D data [&hellip;]","og_url":"https:\/\/inzagroup.eu\/bs-hr-sr\/elementor-2929\/","og_site_name":"INZA","article_modified_time":"2024-02-08T20:21:17+00:00","og_image":[{"url":"https:\/\/inzagroup.eu\/wp-content\/uploads\/2018\/12\/map.png","type":"","width":"","height":""}],"twitter_card":"summary_large_image","twitter_misc":{"Est. reading time":"3 minute"},"schema":{"@context":"https:\/\/schema.org","@graph":[{"@type":"WebPage","@id":"https:\/\/inzagroup.eu\/elementor-2929\/","url":"https:\/\/inzagroup.eu\/elementor-2929\/","name":"Inza Engineering - INZA","isPartOf":{"@id":"https:\/\/inzagroup.eu\/#website"},"primaryImageOfPage":{"@id":"https:\/\/inzagroup.eu\/elementor-2929\/#primaryimage"},"image":{"@id":"https:\/\/inzagroup.eu\/elementor-2929\/#primaryimage"},"thumbnailUrl":"https:\/\/inzagroup.eu\/wp-content\/uploads\/2018\/12\/map.png","datePublished":"2024-02-08T12:20:05+00:00","dateModified":"2024-02-08T20:21:17+00:00","breadcrumb":{"@id":"https:\/\/inzagroup.eu\/elementor-2929\/#breadcrumb"},"inLanguage":"bs-BA","potentialAction":[{"@type":"ReadAction","target":["https:\/\/inzagroup.eu\/elementor-2929\/"]}]},{"@type":"ImageObject","inLanguage":"bs-BA","@id":"https:\/\/inzagroup.eu\/elementor-2929\/#primaryimage","url":"https:\/\/inzagroup.eu\/wp-content\/uploads\/2018\/12\/map.png","contentUrl":"https:\/\/inzagroup.eu\/wp-content\/uploads\/2018\/12\/map.png"},{"@type":"BreadcrumbList","@id":"https:\/\/inzagroup.eu\/elementor-2929\/#breadcrumb","itemListElement":[{"@type":"ListItem","position":1,"name":"Home","item":"https:\/\/inzagroup.eu\/"},{"@type":"ListItem","position":2,"name":"Inza Engineering"}]},{"@type":"WebSite","@id":"https:\/\/inzagroup.eu\/#website","url":"https:\/\/inzagroup.eu\/","name":"INZA","description":"","publisher":{"@id":"https:\/\/inzagroup.eu\/#organization"},"potentialAction":[{"@type":"SearchAction","target":{"@type":"EntryPoint","urlTemplate":"https:\/\/inzagroup.eu\/?s={search_term_string}"},"query-input":{"@type":"PropertyValueSpecification","valueRequired":true,"valueName":"search_term_string"}}],"inLanguage":"bs-BA"},{"@type":"Organization","@id":"https:\/\/inzagroup.eu\/#organization","name":"INZA Group","url":"https:\/\/inzagroup.eu\/","logo":{"@type":"ImageObject","inLanguage":"bs-BA","@id":"https:\/\/inzagroup.eu\/#\/schema\/logo\/image\/","url":"https:\/\/inzagroup.eu\/wp-content\/uploads\/2018\/07\/Logo_mali65.png","contentUrl":"https:\/\/inzagroup.eu\/wp-content\/uploads\/2018\/07\/Logo_mali65.png","width":104,"height":65,"caption":"INZA Group"},"image":{"@id":"https:\/\/inzagroup.eu\/#\/schema\/logo\/image\/"}}]}},"_links":{"self":[{"href":"https:\/\/inzagroup.eu\/bs-hr-sr\/wp-json\/wp\/v2\/pages\/2929","targetHints":{"allow":["GET"]}}],"collection":[{"href":"https:\/\/inzagroup.eu\/bs-hr-sr\/wp-json\/wp\/v2\/pages"}],"about":[{"href":"https:\/\/inzagroup.eu\/bs-hr-sr\/wp-json\/wp\/v2\/types\/page"}],"author":[{"embeddable":true,"href":"https:\/\/inzagroup.eu\/bs-hr-sr\/wp-json\/wp\/v2\/users\/1"}],"replies":[{"embeddable":true,"href":"https:\/\/inzagroup.eu\/bs-hr-sr\/wp-json\/wp\/v2\/comments?post=2929"}],"version-history":[{"count":17,"href":"https:\/\/inzagroup.eu\/bs-hr-sr\/wp-json\/wp\/v2\/pages\/2929\/revisions"}],"predecessor-version":[{"id":2997,"href":"https:\/\/inzagroup.eu\/bs-hr-sr\/wp-json\/wp\/v2\/pages\/2929\/revisions\/2997"}],"wp:attachment":[{"href":"https:\/\/inzagroup.eu\/bs-hr-sr\/wp-json\/wp\/v2\/media?parent=2929"}],"curies":[{"name":"wp","href":"https:\/\/api.w.org\/{rel}","templated":true}]}}